{"id":16,"date":"2023-01-10T12:51:14","date_gmt":"2023-01-10T11:51:14","guid":{"rendered":"http:\/\/www2.leu-faehri.ch\/?page_id=16"},"modified":"2025-11-06T20:00:42","modified_gmt":"2025-11-06T19:00:42","slug":"homepage","status":"publish","type":"page","link":"https:\/\/www.leu-faehri.ch\/","title":{"rendered":"Homepage"},"content":{"rendered":"<p>[et_pb_section fb_built=&#187;1&#8243; fullwidth=&#187;on&#187; _builder_version=&#187;4.17.4&#8243; _module_preset=&#187;default&#187; global_colors_info=&#187;{}&#187;][et_pb_fullwidth_image src=&#187;https:\/\/www.leu-faehri.ch\/wp-content\/uploads\/2023\/01\/Muensterfaehre.jpg&#187; title_text=&#187;OLYMPUS DIGITAL CAMERA&#187; _builder_version=&#187;4.17.4&#8243; _module_preset=&#187;default&#187; global_colors_info=&#187;{}&#187;][\/et_pb_fullwidth_image][\/et_pb_section][et_pb_section fb_built=&#187;1&#8243; _builder_version=&#187;4.17.4&#8243; _module_preset=&#187;default&#187; global_colors_info=&#187;{}&#187;][et_pb_row _builder_version=&#187;4.17.4&#8243; _module_preset=&#187;default&#187; global_colors_info=&#187;{}&#187;][et_pb_column type=&#187;4_4&#8243; _builder_version=&#187;4.17.4&#8243; _module_preset=&#187;default&#187; global_colors_info=&#187;{}&#187;][et_pb_text _builder_version=&#187;4.17.4&#8243; _module_preset=&#187;default&#187; global_colors_info=&#187;{}&#187;]<\/p>\n<h2>Herzlich Willkommen auf der Webseite der Leu-F\u00e4hre<\/h2>\n<p>[\/et_pb_text][\/et_pb_column][\/et_pb_row][et_pb_row column_structure=&#187;1_2,1_2&#8243; _builder_version=&#187;4.17.4&#8243; _module_preset=&#187;default&#187; global_colors_info=&#187;{}&#187;][et_pb_column type=&#187;1_2&#8243; _builder_version=&#187;4.17.4&#8243; _module_preset=&#187;default&#187; global_colors_info=&#187;{}&#187;][et_pb_text _builder_version=&#187;4.17.4&#8243; _module_preset=&#187;default&#187; global_colors_info=&#187;{}&#187;]<\/p>\n<h3>Fahrpreise<\/h3>\n<ul>\n<li>Erwachsene CHF 2.00 pro \u00dcberfahrt<\/li>\n<li>Kinder, Hunde, Velos CHF 1.00 pro \u00dcberfahrt<\/li>\n<li><strong>Schulklassen, Kinderkrippen und Tagesheime<\/strong>Kinder unter 12 Jahren CHF 0.80\n<ul>\n<li>Kinder ab 12 Jahren und Begleitpersonen CHF 1.60<\/li>\n<\/ul>\n<\/li>\n<li><strong>TNW- oder SBB-Tickets sind auf der F\u00e4hri nicht g\u00fcltig; dasselbe gilt f\u00fcr die BaselCard.<\/strong><\/li>\n<\/ul>\n<ul>\n<li>Abos \u00e0 20 Fahrten sind f\u00fcr CHF 36.- auf den F\u00e4hren und f\u00fcr CHF 38.- an folgenden Verkaufspunkten erh\u00e4ltlich:<br \/>\n<a href=\"http:\/\/faehri-1.klixa.work\/produkte\/\" target=\"_blank\" rel=\"noopener\">F\u00e4hri-Verein<\/a>, <a href=\"https:\/\/proinnerstadtbasel.ch\/\" target=\"_blank\" rel=\"noopener\">StadtKonzeptBasel (Pro Innerstadt Basel)<\/a><\/li>\n<\/ul>\n<p>Alle Angaben in CHF. Preis\u00e4nderungen vorbehalten.<\/p>\n<h3>Sommerfahrplan<\/h3>\n<div>(Beginn Sommerzeit bis Ende Sommerzeit)<\/div>\n<p>T\u00e4glich: 9:00 \u2013 20:00 Uhr<br \/>\nW\u00e4hrend der Basler Herbstmesse 11:00 \u2013 22:00 Uhr<\/p>\n<h3>Winterfahrplan<\/h3>\n<div>(Beginn Winterzeit bis Ende Winterzeit)<\/div>\n<p>T\u00e4glich: 11:00 -17:00 Uhr<\/p>\n<h3>Basler Fasnacht<\/h3>\n<ul>\n<li>So: 11:00 \u2013 22:00 Uhr<\/li>\n<li>Mo: 2:00 \u2013 24:00 Uhr<\/li>\n<li>Di: 11:00 \u2013 1:00 Uhr<\/li>\n<li>Mi: 11:00 \u2013 24:00 Uhr<\/li>\n<\/ul>\n<h3>Sponsoring Gratistage f\u00fcr die Bev\u00f6lkerung (nur ganzt\u00e4gig m\u00f6glich)<\/h3>\n<p>An Wochentagen CHF 100.- pro Stunde An Wochenenden und Feiertagen CHF 200.- pro Stunde.<br \/>\nNicht m\u00f6glich w\u00e4hrend der Basler Fasnacht, des Basel Tattoo und der Herbstmesse!<br \/>\nF\u00fcr Anfragen wenden Sie sich bitte an Noa Thurneysen.<\/p>\n<h3>Hochwasser<\/h3>\n<p>Kein Fahrbetrieb bei Hochwasser (ab 7.90 m).<\/p>\n<p>[\/et_pb_text][\/et_pb_column][et_pb_column type=&#187;1_2&#8243; _builder_version=&#187;4.17.4&#8243; _module_preset=&#187;default&#187; global_colors_info=&#187;{}&#187;][et_pb_text _builder_version=&#187;4.17.4&#8243; _module_preset=&#187;default&#187; global_colors_info=&#187;{}&#187;]<\/p>\n<h3>F\u00e4hre mieten<\/h3>\n<p>Die F\u00e4hre kann grunds\u00e4tzlich ausserhalb der normalen Fahrzeiten f\u00fcr private Anl\u00e4sse gemietet werden. Abweichungen sind nach Absprache m\u00f6glich.<br \/>\nMietkosten erste Stunde CHF 150.-, jede weitere Stunde CHF 100.-<br \/>\nDie Mietpreise verstehen sich exkl. Konsumation.<\/p>\n<h4>Auf der Leu gelten folgende Regelungen:<\/h4>\n<h4>W\u00e4hrend der offiziellen Betriebszeiten<\/h4>\n<p>Nur von Montag bis Freitag m\u00f6glich (ausser w\u00e4hrend der Basler Fasnacht und der Herbstmesse).<br \/>\nMaximal 10 Personen, weil die F\u00e4hre zur gleichen Zeit weitere Passagiere bef\u00f6rdert.<\/p>\n<h4>Ausserhalb der offiziellen Betriebszeiten<\/h4>\n<p>Bis 16 Personen, maximal 12 Personen im Innenbereich der F\u00e4hre.<\/p>\n<p>Die F\u00e4hre bietet f\u00fcr kleine Gruppen bis 12 Personen einen grossen Tisch im Innenbereich und einen Campingkocher. Das mitgebrachte Fondue kann so selbst zubereitet werden.<\/p>\n<h4>Verpflegung\/Getr\u00e4nke<\/h4>\n<p>K\u00f6nnen selbst mitgebracht oder nach Wunsch durch unsere Caterer organisiert werden.<\/p>\n<h4>Urnenbeisetzungen<\/h4>\n<p>An allen Wochentagen ausserhalb der Fahrzeiten m\u00f6glich.<\/p>\n<p>[\/et_pb_text][\/et_pb_column][\/et_pb_row][et_pb_row _builder_version=&#187;4.17.4&#8243; _module_preset=&#187;default&#187; global_colors_info=&#187;{}&#187;][et_pb_column type=&#187;4_4&#8243; _builder_version=&#187;4.17.4&#8243; _module_preset=&#187;default&#187; global_colors_info=&#187;{}&#187;][et_pb_text _builder_version=&#187;4.17.4&#8243; _module_preset=&#187;default&#187; global_colors_info=&#187;{}&#187;]<\/p>\n<h2>Kontakt<\/h2>\n<p><strong>Kontakt\/Reservationen werden gerne jeweils vormittags telefonisch entgegengenommen.<\/strong><\/p>\n<p>[\/et_pb_text][\/et_pb_column][\/et_pb_row][et_pb_row column_structure=&#187;2_5,3_5&#8243; _builder_version=&#187;4.17.4&#8243; _module_preset=&#187;default&#187; global_colors_info=&#187;{}&#187;][et_pb_column type=&#187;2_5&#8243; _builder_version=&#187;4.17.4&#8243; _module_preset=&#187;default&#187; global_colors_info=&#187;{}&#187;][et_pb_text _builder_version=&#187;4.17.4&#8243; _module_preset=&#187;default&#187; global_colors_info=&#187;{}&#187;]<\/p>\n<h2>P\u00e4chter<\/h2>\n<p>[\/et_pb_text][et_pb_image src=&#187;https:\/\/www.leu-faehri.ch\/wp-content\/uploads\/2023\/01\/02-Noa-Thurneysen.jpg&#187; title_text=&#187;02-Noa-Thurneysen&#187; _builder_version=&#187;4.17.4&#8243; _module_preset=&#187;default&#187; width=&#187;44%&#187; global_colors_info=&#187;{}&#187;][\/et_pb_image][et_pb_text _builder_version=&#187;4.17.4&#8243; _module_preset=&#187;default&#187; global_colors_info=&#187;{}&#187;]<\/p>\n<p>Noa Thurneysen<\/p>\n<p><a href=\"mailto:leu@faehri.ch\">leu@faehri.ch<\/a><\/p>\n<p><a href=\"tel:+41774006541\">+41 (0)77 400 65 41<\/a><\/p>\n<p>[\/et_pb_text][\/et_pb_column][et_pb_column type=&#187;3_5&#8243; _builder_version=&#187;4.17.4&#8243; _module_preset=&#187;default&#187; global_colors_info=&#187;{}&#187;][et_pb_contact_form email=&#187;leu@faehri.ch&#187; title=&#187;Anfrage&#187; custom_message=&#187;Anfrage \u00fcber Website||et_pb_line_break_holder||Betreff: %%Betreff%%||et_pb_line_break_holder||Name: %%Name%%||et_pb_line_break_holder||Datum (Reservationsanfrage): %%Datum%%||et_pb_line_break_holder||E-Mail-Adresse: %%Email%%||et_pb_line_break_holder||Telefon: %%Phone%%||et_pb_line_break_holder||Mitteilung\/Anfrage:||et_pb_line_break_holder||%%Message%%&#187; success_message=&#187;Ihre Anfrage wurde gespeichert, vielen Dank!&#187; submit_button_text=&#187;Senden&#187; _builder_version=&#187;4.17.4&#8243; _module_preset=&#187;default&#187; _unique_id=&#187;ee55d3ea-f1ad-44a1-a5e8-27a946447723&#8243; global_colors_info=&#187;{}&#187;][et_pb_contact_field field_id=&#187;Betreff&#187; field_title=&#187;Betreff&#187; fullwidth_field=&#187;on&#187; _builder_version=&#187;4.17.4&#8243; _module_preset=&#187;default&#187; global_colors_info=&#187;{}&#187;][\/et_pb_contact_field][et_pb_contact_field field_id=&#187;Name&#187; field_title=&#187;Name&#187; fullwidth_field=&#187;on&#187; _builder_version=&#187;4.17.4&#8243; global_colors_info=&#187;{}&#187; button_text_size__hover_enabled=&#187;off&#187; button_one_text_size__hover_enabled=&#187;off&#187; button_two_text_size__hover_enabled=&#187;off&#187; button_text_color__hover_enabled=&#187;off&#187; button_one_text_color__hover_enabled=&#187;off&#187; button_two_text_color__hover_enabled=&#187;off&#187; button_border_width__hover_enabled=&#187;off&#187; button_one_border_width__hover_enabled=&#187;off&#187; button_two_border_width__hover_enabled=&#187;off&#187; button_border_color__hover_enabled=&#187;off&#187; button_one_border_color__hover_enabled=&#187;off&#187; button_two_border_color__hover_enabled=&#187;off&#187; button_border_radius__hover_enabled=&#187;off&#187; button_one_border_radius__hover_enabled=&#187;off&#187; button_two_border_radius__hover_enabled=&#187;off&#187; button_letter_spacing__hover_enabled=&#187;off&#187; button_one_letter_spacing__hover_enabled=&#187;off&#187; button_two_letter_spacing__hover_enabled=&#187;off&#187; button_bg_color__hover_enabled=&#187;off&#187; button_one_bg_color__hover_enabled=&#187;off&#187; button_two_bg_color__hover_enabled=&#187;off&#187;][\/et_pb_contact_field][et_pb_contact_field field_id=&#187;Datum&#187; field_title=&#187;Datum (Reservationsanfrage)&#187; fullwidth_field=&#187;on&#187; _builder_version=&#187;4.17.4&#8243; _module_preset=&#187;default&#187; global_colors_info=&#187;{}&#187;][\/et_pb_contact_field][et_pb_contact_field field_id=&#187;Email&#187; field_title=&#187;E-Mail Adresse&#187; field_type=&#187;email&#187; _builder_version=&#187;4.17.4&#8243; global_colors_info=&#187;{}&#187; button_text_size__hover_enabled=&#187;off&#187; button_one_text_size__hover_enabled=&#187;off&#187; button_two_text_size__hover_enabled=&#187;off&#187; button_text_color__hover_enabled=&#187;off&#187; button_one_text_color__hover_enabled=&#187;off&#187; button_two_text_color__hover_enabled=&#187;off&#187; button_border_width__hover_enabled=&#187;off&#187; button_one_border_width__hover_enabled=&#187;off&#187; button_two_border_width__hover_enabled=&#187;off&#187; button_border_color__hover_enabled=&#187;off&#187; button_one_border_color__hover_enabled=&#187;off&#187; button_two_border_color__hover_enabled=&#187;off&#187; button_border_radius__hover_enabled=&#187;off&#187; button_one_border_radius__hover_enabled=&#187;off&#187; button_two_border_radius__hover_enabled=&#187;off&#187; button_letter_spacing__hover_enabled=&#187;off&#187; button_one_letter_spacing__hover_enabled=&#187;off&#187; button_two_letter_spacing__hover_enabled=&#187;off&#187; button_bg_color__hover_enabled=&#187;off&#187; button_one_bg_color__hover_enabled=&#187;off&#187; button_two_bg_color__hover_enabled=&#187;off&#187;][\/et_pb_contact_field][et_pb_contact_field field_id=&#187;Phone&#187; field_title=&#187;Telefonnummer&#187; _builder_version=&#187;4.17.4&#8243; _module_preset=&#187;default&#187; global_colors_info=&#187;{}&#187;][\/et_pb_contact_field][et_pb_contact_field field_id=&#187;Message&#187; field_title=&#187;Mitteilung\/Anfrage&#187; field_type=&#187;text&#187; fullwidth_field=&#187;on&#187; _builder_version=&#187;4.17.4&#8243; global_colors_info=&#187;{}&#187; button_text_size__hover_enabled=&#187;off&#187; button_one_text_size__hover_enabled=&#187;off&#187; button_two_text_size__hover_enabled=&#187;off&#187; button_text_color__hover_enabled=&#187;off&#187; button_one_text_color__hover_enabled=&#187;off&#187; button_two_text_color__hover_enabled=&#187;off&#187; button_border_width__hover_enabled=&#187;off&#187; button_one_border_width__hover_enabled=&#187;off&#187; button_two_border_width__hover_enabled=&#187;off&#187; button_border_color__hover_enabled=&#187;off&#187; button_one_border_color__hover_enabled=&#187;off&#187; button_two_border_color__hover_enabled=&#187;off&#187; button_border_radius__hover_enabled=&#187;off&#187; button_one_border_radius__hover_enabled=&#187;off&#187; button_two_border_radius__hover_enabled=&#187;off&#187; button_letter_spacing__hover_enabled=&#187;off&#187; button_one_letter_spacing__hover_enabled=&#187;off&#187; button_two_letter_spacing__hover_enabled=&#187;off&#187; button_bg_color__hover_enabled=&#187;off&#187; button_one_bg_color__hover_enabled=&#187;off&#187; button_two_bg_color__hover_enabled=&#187;off&#187;][\/et_pb_contact_field][\/et_pb_contact_form][\/et_pb_column][\/et_pb_row][\/et_pb_section][et_pb_section fb_built=&#187;1&#8243; fullwidth=&#187;on&#187; _builder_version=&#187;4.17.4&#8243; _module_preset=&#187;default&#187; global_colors_info=&#187;{}&#187;][et_pb_fullwidth_image src=&#187;https:\/\/www.leu-faehri.ch\/wp-content\/uploads\/2023\/01\/Karte_Basel_Faehren_Leu.png&#187; title_text=&#187;Karte_Basel_Faehren_Leu&#187; _builder_version=&#187;4.17.4&#8243; _module_preset=&#187;default&#187; global_colors_info=&#187;{}&#187;][\/et_pb_fullwidth_image][\/et_pb_section]<\/p>\n","protected":false},"excerpt":{"rendered":"<p>Herzlich Willkommen auf der Webseite der Leu-F\u00e4hre Fahrpreise Erwachsene CHF 2.00 pro \u00dcberfahrt Kinder, Hunde, Velos CHF 1.00 pro \u00dcberfahrt Schulklassen, Kinderkrippen und TagesheimeKinder unter 12 Jahren CHF 0.80 Kinder ab 12 Jahren und Begleitpersonen CHF 1.60 TNW- oder SBB-Tickets sind auf der F\u00e4hri nicht g\u00fcltig; dasselbe gilt f\u00fcr die BaselCard. Abos \u00e0 20 Fahrten [&hellip;]<\/p>\n","protected":false},"author":1,"featured_media":0,"parent":0,"menu_order":0,"comment_status":"closed","ping_status":"closed","template":"","meta":{"_et_pb_use_builder":"on","_et_pb_old_content":"","_et_gb_content_width":"","footnotes":""},"class_list":["post-16","page","type-page","status-publish","hentry"],"_links":{"self":[{"href":"https:\/\/www.leu-faehri.ch\/index.php?rest_route=\/wp\/v2\/pages\/16","targetHints":{"allow":["GET"]}}],"collection":[{"href":"https:\/\/www.leu-faehri.ch\/index.php?rest_route=\/wp\/v2\/pages"}],"about":[{"href":"https:\/\/www.leu-faehri.ch\/index.php?rest_route=\/wp\/v2\/types\/page"}],"author":[{"embeddable":true,"href":"https:\/\/www.leu-faehri.ch\/index.php?rest_route=\/wp\/v2\/users\/1"}],"replies":[{"embeddable":true,"href":"https:\/\/www.leu-faehri.ch\/index.php?rest_route=%2Fwp%2Fv2%2Fcomments&post=16"}],"version-history":[{"count":13,"href":"https:\/\/www.leu-faehri.ch\/index.php?rest_route=\/wp\/v2\/pages\/16\/revisions"}],"predecessor-version":[{"id":70,"href":"https:\/\/www.leu-faehri.ch\/index.php?rest_route=\/wp\/v2\/pages\/16\/revisions\/70"}],"wp:attachment":[{"href":"https:\/\/www.leu-faehri.ch\/index.php?rest_route=%2Fwp%2Fv2%2Fmedia&parent=16"}],"curies":[{"name":"wp","href":"https:\/\/api.w.org\/{rel}","templated":true}]}}